{"id":264,"date":"2020-05-20T15:50:08","date_gmt":"2020-05-20T13:50:08","guid":{"rendered":"http:\/\/event-skills.com\/?page_id=264"},"modified":"2020-05-27T15:28:33","modified_gmt":"2020-05-27T13:28:33","slug":"reception","status":"publish","type":"page","link":"https:\/\/event-skills.com\/?page_id=264","title":{"rendered":"R\u00e9ception"},"content":{"rendered":"\t\t<div data-elementor-type=\"wp-page\" data-elementor-id=\"264\" class=\"elementor elementor-264\" data-elementor-settings=\"[]\">\n\t\t\t<div class=\"elementor-inner\">\n\t\t\t\t<div class=\"elementor-section-wrap\">\n\t\t\t\t\t\t\t<section class=\"elementor-element elementor-element-c2b9ff4 elementor-section-boxed elementor-section-height-default elementor-section-height-default elementor-section elementor-top-section\" data-id=\"c2b9ff4\" data-element_type=\"section\">\n\t\t\t\t\t\t<div class=\"elementor-container elementor-column-gap-default\">\n\t\t\t\t<div class=\"elementor-row\">\n\t\t\t\t<div class=\"elementor-element elementor-element-efb0243 elementor-column elementor-col-100 elementor-top-column\" data-id=\"efb0243\" data-element_type=\"column\">\n\t\t\t<div class=\"elementor-column-wrap  elementor-element-populated\">\n\t\t\t\t\t<div class=\"elementor-widget-wrap\">\n\t\t\t\t<div class=\"elementor-element elementor-element-3e6e152 elementor-widget elementor-widget-image\" data-id=\"3e6e152\" data-element_type=\"widget\" data-widget_type=\"image.default\">\n\t\t\t\t<div class=\"elementor-widget-container\">\n\t\t\t\t\t<div class=\"elementor-image\">\n\t\t\t\t\t\t\t\t\t\t<img width=\"900\" height=\"360\" src=\"https:\/\/event-skills.com\/wp-content\/uploads\/2020\/05\/image7.jpg\" class=\"attachment-large size-large\" alt=\"\" loading=\"lazy\" srcset=\"https:\/\/event-skills.com\/wp-content\/uploads\/2020\/05\/image7.jpg 900w, https:\/\/event-skills.com\/wp-content\/uploads\/2020\/05\/image7-300x120.jpg 300w, https:\/\/event-skills.com\/wp-content\/uploads\/2020\/05\/image7-768x307.jpg 768w\" sizes=\"(max-width: 900px) 100vw, 900px\" \/>\t\t\t\t\t\t\t\t\t\t\t<\/div>\n\t\t\t\t<\/div>\n\t\t\t\t<\/div>\n\t\t\t\t<div class=\"elementor-element elementor-element-7a41991 elementor-widget elementor-widget-heading\" data-id=\"7a41991\" data-element_type=\"widget\" data-widget_type=\"heading.default\">\n\t\t\t\t<div class=\"elementor-widget-container\">\n\t\t\t<h1 class=\"elementor-heading-title elementor-size-xl\">\u00c9v\u00e9nement R\u00e9ception<\/h1>\t\t<\/div>\n\t\t\t\t<\/div>\n\t\t\t\t\t\t<\/div>\n\t\t\t<\/div>\n\t\t<\/div>\n\t\t\t\t\t\t<\/div>\n\t\t\t<\/div>\n\t\t<\/section>\n\t\t\t\t<section class=\"elementor-element elementor-element-88f48f4 elementor-section-boxed elementor-section-height-default elementor-section-height-default elementor-section elementor-top-section\" data-id=\"88f48f4\" data-element_type=\"section\">\n\t\t\t\t\t\t<div class=\"elementor-container elementor-column-gap-default\">\n\t\t\t\t<div class=\"elementor-row\">\n\t\t\t\t<div class=\"elementor-element elementor-element-65de3a0 elementor-column elementor-col-100 elementor-top-column\" data-id=\"65de3a0\" data-element_type=\"column\">\n\t\t\t<div class=\"elementor-column-wrap  elementor-element-populated\">\n\t\t\t\t\t<div class=\"elementor-widget-wrap\">\n\t\t\t\t<div class=\"elementor-element elementor-element-ce75944 elementor-widget elementor-widget-text-editor\" data-id=\"ce75944\" data-element_type=\"widget\" data-widget_type=\"text-editor.default\">\n\t\t\t\t<div class=\"elementor-widget-container\">\n\t\t\t\t\t<div class=\"elementor-text-editor elementor-clearfix\"><p>Depuis plusieurs ann\u00e9es, nous accompagnons les entreprises, associations, et les particuliers dans le conseil et la r\u00e9alisation de leurs \u00e9v\u00e9nements, en prenant en charge, tout ou partie de l\u2019organisation et de l\u2019animation.<\/p><\/div>\n\t\t\t\t<\/div>\n\t\t\t\t<\/div>\n\t\t\t\t<div class=\"elementor-element elementor-element-df9482b elementor-widget elementor-widget-heading\" data-id=\"df9482b\" data-element_type=\"widget\" data-widget_type=\"heading.default\">\n\t\t\t\t<div class=\"elementor-widget-container\">\n\t\t\t<h2 class=\"elementor-heading-title elementor-size-large\">Plusieurs id\u00e9es d\u2019actions r\u00e9alis\u00e9es \u00e0 ce jour<\/h2>\t\t<\/div>\n\t\t\t\t<\/div>\n\t\t\t\t<div class=\"elementor-element elementor-element-3c4b7d6 elementor-position-left elementor-vertical-align-middle elementor-widget elementor-widget-image-box\" data-id=\"3c4b7d6\" data-element_type=\"widget\" data-widget_type=\"image-box.default\">\n\t\t\t\t<div class=\"elementor-widget-container\">\n\t\t\t<div class=\"elementor-image-box-wrapper\"><figure class=\"elementor-image-box-img\"><img width=\"281\" height=\"180\" src=\"https:\/\/event-skills.com\/wp-content\/uploads\/2020\/05\/t\u00e9l\u00e9chargement-13.jpg\" class=\"attachment-full size-full\" alt=\"\" loading=\"lazy\" \/><\/figure><div class=\"elementor-image-box-content\"><p class=\"elementor-image-box-description\">*Vides greniers \u00ab totallo \u00e9colo \u00bb\n\n*Vides greniers traditionnels\n\n*Braderies<\/p><\/div><\/div>\t\t<\/div>\n\t\t\t\t<\/div>\n\t\t\t\t<div class=\"elementor-element elementor-element-7b97de7 elementor-position-left elementor-vertical-align-middle elementor-widget elementor-widget-image-box\" data-id=\"7b97de7\" data-element_type=\"widget\" data-widget_type=\"image-box.default\">\n\t\t\t\t<div class=\"elementor-widget-container\">\n\t\t\t<div class=\"elementor-image-box-wrapper\"><figure class=\"elementor-image-box-img\"><img width=\"279\" height=\"180\" src=\"https:\/\/event-skills.com\/wp-content\/uploads\/2020\/05\/images-15.jpg\" class=\"attachment-full size-full\" alt=\"\" loading=\"lazy\" \/><\/figure><div class=\"elementor-image-box-content\"><p class=\"elementor-image-box-description\">*Salons \/ Foires\n\n*D\u00e9fil\u00e9s de mode\n\n*Inaugurations\n\n*Vernissages<\/p><\/div><\/div>\t\t<\/div>\n\t\t\t\t<\/div>\n\t\t\t\t<div class=\"elementor-element elementor-element-e6012be elementor-position-left elementor-vertical-align-middle elementor-widget elementor-widget-image-box\" data-id=\"e6012be\" data-element_type=\"widget\" data-widget_type=\"image-box.default\">\n\t\t\t\t<div class=\"elementor-widget-container\">\n\t\t\t<div class=\"elementor-image-box-wrapper\"><figure class=\"elementor-image-box-img\"><img width=\"183\" height=\"275\" src=\"https:\/\/event-skills.com\/wp-content\/uploads\/2020\/05\/t\u00e9l\u00e9chargement-14.jpg\" class=\"attachment-medium size-medium\" alt=\"\" loading=\"lazy\" \/><\/figure><div class=\"elementor-image-box-content\"><p class=\"elementor-image-box-description\">*Show sportif\u00a0ou comp\u00e9titions \n\n*Soir\u00e9e de fin d\u2019ann\u00e9e<\/p><\/div><\/div>\t\t<\/div>\n\t\t\t\t<\/div>\n\t\t\t\t<div class=\"elementor-element elementor-element-6070d65 elementor-position-left elementor-vertical-align-middle elementor-widget elementor-widget-image-box\" data-id=\"6070d65\" data-element_type=\"widget\" data-widget_type=\"image-box.default\">\n\t\t\t\t<div class=\"elementor-widget-container\">\n\t\t\t<div class=\"elementor-image-box-wrapper\"><figure class=\"elementor-image-box-img\"><img width=\"276\" height=\"183\" src=\"https:\/\/event-skills.com\/wp-content\/uploads\/2020\/05\/images-16.jpg\" class=\"attachment-full size-full\" alt=\"\" loading=\"lazy\" \/><\/figure><div class=\"elementor-image-box-content\"><p class=\"elementor-image-box-description\">*Anniversaires de marques ou de personnes<\/p><\/div><\/div>\t\t<\/div>\n\t\t\t\t<\/div>\n\t\t\t\t\t\t<\/div>\n\t\t\t<\/div>\n\t\t<\/div>\n\t\t\t\t\t\t<\/div>\n\t\t\t<\/div>\n\t\t<\/section>\n\t\t\t\t\t\t<\/div>\n\t\t\t<\/div>\n\t\t<\/div>\n\t\t","protected":false},"excerpt":{"rendered":"<p>\u00c9v\u00e9nement R\u00e9ception Depuis plusieurs ann\u00e9es, nous accompagnons les entreprises, associations, et les particuliers dans le conseil et la r\u00e9alisation de leurs \u00e9v\u00e9nements, en prenant en charge, tout ou partie de l\u2019organisation et de l\u2019animation. Plusieurs id\u00e9es d\u2019actions r\u00e9alis\u00e9es \u00e0 ce jour *Vides greniers \u00ab totallo \u00e9colo \u00bb *Vides greniers traditionnels *Braderies *Salons \/ Foires *D\u00e9fil\u00e9s [&hellip;]<\/p>\n","protected":false},"author":10,"featured_media":0,"parent":0,"menu_order":0,"comment_status":"closed","ping_status":"closed","template":"","meta":[],"_links":{"self":[{"href":"https:\/\/event-skills.com\/index.php?rest_route=\/wp\/v2\/pages\/264"}],"collection":[{"href":"https:\/\/event-skills.com\/index.php?rest_route=\/wp\/v2\/pages"}],"about":[{"href":"https:\/\/event-skills.com\/index.php?rest_route=\/wp\/v2\/types\/page"}],"author":[{"embeddable":true,"href":"https:\/\/event-skills.com\/index.php?rest_route=\/wp\/v2\/users\/10"}],"replies":[{"embeddable":true,"href":"https:\/\/event-skills.com\/index.php?rest_route=%2Fwp%2Fv2%2Fcomments&post=264"}],"version-history":[{"count":5,"href":"https:\/\/event-skills.com\/index.php?rest_route=\/wp\/v2\/pages\/264\/revisions"}],"predecessor-version":[{"id":375,"href":"https:\/\/event-skills.com\/index.php?rest_route=\/wp\/v2\/pages\/264\/revisions\/375"}],"wp:attachment":[{"href":"https:\/\/event-skills.com\/index.php?rest_route=%2Fwp%2Fv2%2Fmedia&parent=264"}],"curies":[{"name":"wp","href":"https:\/\/api.w.org\/{rel}","templated":true}]}}