{"id":263,"date":"2020-05-20T15:50:08","date_gmt":"2020-05-20T13:50:08","guid":{"rendered":"http:\/\/event-skills.com\/?page_id=263"},"modified":"2020-05-27T12:59:36","modified_gmt":"2020-05-27T10:59:36","slug":"touristique","status":"publish","type":"page","link":"https:\/\/event-skills.com\/?page_id=263","title":{"rendered":"Touristique"},"content":{"rendered":"\t\t<div data-elementor-type=\"wp-page\" data-elementor-id=\"263\" class=\"elementor elementor-263\" data-elementor-settings=\"[]\">\n\t\t\t<div class=\"elementor-inner\">\n\t\t\t\t<div class=\"elementor-section-wrap\">\n\t\t\t\t\t\t\t<section class=\"elementor-element elementor-element-2fa4dde elementor-section-boxed elementor-section-height-default elementor-section-height-default elementor-section elementor-top-section\" data-id=\"2fa4dde\" data-element_type=\"section\">\n\t\t\t\t\t\t<div class=\"elementor-container elementor-column-gap-default\">\n\t\t\t\t<div class=\"elementor-row\">\n\t\t\t\t<div class=\"elementor-element elementor-element-11aae8a elementor-column elementor-col-100 elementor-top-column\" data-id=\"11aae8a\" data-element_type=\"column\">\n\t\t\t<div class=\"elementor-column-wrap  elementor-element-populated\">\n\t\t\t\t\t<div class=\"elementor-widget-wrap\">\n\t\t\t\t<div class=\"elementor-element elementor-element-c3ec9ff elementor-widget elementor-widget-image\" data-id=\"c3ec9ff\" data-element_type=\"widget\" data-widget_type=\"image.default\">\n\t\t\t\t<div class=\"elementor-widget-container\">\n\t\t\t\t\t<div class=\"elementor-image\">\n\t\t\t\t\t\t\t\t\t\t<img width=\"700\" height=\"208\" src=\"https:\/\/event-skills.com\/wp-content\/uploads\/2020\/05\/\u00e9v\u00e8nementiel.jpg\" class=\"attachment-large size-large\" alt=\"\" loading=\"lazy\" srcset=\"https:\/\/event-skills.com\/wp-content\/uploads\/2020\/05\/\u00e9v\u00e8nementiel.jpg 700w, https:\/\/event-skills.com\/wp-content\/uploads\/2020\/05\/\u00e9v\u00e8nementiel-300x89.jpg 300w\" sizes=\"(max-width: 700px) 100vw, 700px\" \/>\t\t\t\t\t\t\t\t\t\t\t<\/div>\n\t\t\t\t<\/div>\n\t\t\t\t<\/div>\n\t\t\t\t<div class=\"elementor-element elementor-element-54292f0 elementor-widget elementor-widget-heading\" data-id=\"54292f0\" data-element_type=\"widget\" data-widget_type=\"heading.default\">\n\t\t\t\t<div class=\"elementor-widget-container\">\n\t\t\t<h1 class=\"elementor-heading-title elementor-size-xl\">Evenement Touristique<\/h1>\t\t<\/div>\n\t\t\t\t<\/div>\n\t\t\t\t\t\t<\/div>\n\t\t\t<\/div>\n\t\t<\/div>\n\t\t\t\t\t\t<\/div>\n\t\t\t<\/div>\n\t\t<\/section>\n\t\t\t\t<section class=\"elementor-element elementor-element-87c29a2 elementor-section-boxed elementor-section-height-default elementor-section-height-default elementor-section elementor-top-section\" data-id=\"87c29a2\" data-element_type=\"section\">\n\t\t\t\t\t\t<div class=\"elementor-container elementor-column-gap-default\">\n\t\t\t\t<div class=\"elementor-row\">\n\t\t\t\t<div class=\"elementor-element elementor-element-269be1e elementor-column elementor-col-100 elementor-top-column\" data-id=\"269be1e\" data-element_type=\"column\">\n\t\t\t<div class=\"elementor-column-wrap  elementor-element-populated\">\n\t\t\t\t\t<div class=\"elementor-widget-wrap\">\n\t\t\t\t<div class=\"elementor-element elementor-element-eac1109 elementor-widget elementor-widget-text-editor\" data-id=\"eac1109\" data-element_type=\"widget\" data-widget_type=\"text-editor.default\">\n\t\t\t\t<div class=\"elementor-widget-container\">\n\t\t\t\t\t<div class=\"elementor-text-editor elementor-clearfix\"><p>Vous souhaitez organiser un \u00e9v\u00e9nement touristique, pour votre conjoint, vos amis, vos familles\u00a0?<\/p><p>Vous voulez organiser un \u00e9v\u00e9nement inoubliable pour vos clients ou vos collaborateurs\u00a0?<\/p><p>Vous avez quelques id\u00e9es et exigences, et vous \u00eates lass\u00e9s que l\u2019on vous propose toujours les m\u00eames projets\u00a0?<\/p><p>Vous souhaitez surprendre, \u00e9tonner, voir les yeux de vos convives briller, d\u00e9couvrir, laissez \u00ab\u00a0b\u00e9a\u00a0\u00bb vos invit\u00e9s ou la personne \u00e0 qui est destin\u00e9 l\u2019\u00e9v\u00e9nement, ou tout simplement VOUS\u00a0!&#8230;<\/p><p>L\u00e2chez prise et laissez-nous identifier vos attentes lors d\u2019un rendez-vous, nous allons diagnostiquer vos pens\u00e9es positives et vous emporter vers un projet li\u00e9 au tourisme de d\u00e9couvertes.<\/p><p>Qu\u2019elles soient sportives, g\u00e9ographiques, bucoliques, gustatives, ou plus encore\u00a0!<\/p><p>Nous sommes plusieurs passionn\u00e9s du partage et de la recherche des meilleurs projets touristiques \u00e0 votre service et \u00e0 l\u2019\u00e9coute de vos r\u00eaves et envies !<\/p><p>Et si l\u2019on dessinait votre tableau id\u00e9al en utilisant vos couleurs pr\u00e9f\u00e9r\u00e9es\u00a0!<\/p><p>Nous r\u00e9aliserons votre projet, en suivant votre budget, vos id\u00e9es, en France ou \u00e0 l\u2019\u00e9tranger.<\/p><p>Nos correspondants fran\u00e7ais ou \u00e0 l\u2019\u00e9tranger, locaux et professionnels du tourisme, r\u00e9pondent depuis plusieurs ann\u00e9es \u00e0 nos requ\u00eates les plus folles, originales,<\/p><p>Surprenez vos collaborateurs, vos clients, vos proches\u00a0!<\/p><\/div>\n\t\t\t\t<\/div>\n\t\t\t\t<\/div>\n\t\t\t\t\t\t<\/div>\n\t\t\t<\/div>\n\t\t<\/div>\n\t\t\t\t\t\t<\/div>\n\t\t\t<\/div>\n\t\t<\/section>\n\t\t\t\t\t\t<\/div>\n\t\t\t<\/div>\n\t\t<\/div>\n\t\t","protected":false},"excerpt":{"rendered":"<p>Evenement Touristique Vous souhaitez organiser un \u00e9v\u00e9nement touristique, pour votre conjoint, vos amis, vos familles\u00a0? Vous voulez organiser un \u00e9v\u00e9nement inoubliable pour vos clients ou vos collaborateurs\u00a0? Vous avez quelques id\u00e9es et exigences, et vous \u00eates lass\u00e9s que l\u2019on vous propose toujours les m\u00eames projets\u00a0? Vous souhaitez surprendre, \u00e9tonner, voir les yeux de vos convives [&hellip;]<\/p>\n","protected":false},"author":10,"featured_media":0,"parent":0,"menu_order":0,"comment_status":"closed","ping_status":"closed","template":"","meta":[],"_links":{"self":[{"href":"https:\/\/event-skills.com\/index.php?rest_route=\/wp\/v2\/pages\/263"}],"collection":[{"href":"https:\/\/event-skills.com\/index.php?rest_route=\/wp\/v2\/pages"}],"about":[{"href":"https:\/\/event-skills.com\/index.php?rest_route=\/wp\/v2\/types\/page"}],"author":[{"embeddable":true,"href":"https:\/\/event-skills.com\/index.php?rest_route=\/wp\/v2\/users\/10"}],"replies":[{"embeddable":true,"href":"https:\/\/event-skills.com\/index.php?rest_route=%2Fwp%2Fv2%2Fcomments&post=263"}],"version-history":[{"count":3,"href":"https:\/\/event-skills.com\/index.php?rest_route=\/wp\/v2\/pages\/263\/revisions"}],"predecessor-version":[{"id":331,"href":"https:\/\/event-skills.com\/index.php?rest_route=\/wp\/v2\/pages\/263\/revisions\/331"}],"wp:attachment":[{"href":"https:\/\/event-skills.com\/index.php?rest_route=%2Fwp%2Fv2%2Fmedia&parent=263"}],"curies":[{"name":"wp","href":"https:\/\/api.w.org\/{rel}","templated":true}]}}