{"id":262,"date":"2020-05-20T15:50:08","date_gmt":"2020-05-20T13:50:08","guid":{"rendered":"http:\/\/event-skills.com\/?page_id=262"},"modified":"2020-05-27T15:14:40","modified_gmt":"2020-05-27T13:14:40","slug":"thematique","status":"publish","type":"page","link":"https:\/\/event-skills.com\/?page_id=262","title":{"rendered":"Th\u00e9matique"},"content":{"rendered":"\t\t<div data-elementor-type=\"wp-page\" data-elementor-id=\"262\" class=\"elementor elementor-262\" data-elementor-settings=\"[]\">\n\t\t\t<div class=\"elementor-inner\">\n\t\t\t\t<div class=\"elementor-section-wrap\">\n\t\t\t\t\t\t\t<section class=\"elementor-element elementor-element-ac8dc1f elementor-section-boxed elementor-section-height-default elementor-section-height-default elementor-section elementor-top-section\" data-id=\"ac8dc1f\" data-element_type=\"section\">\n\t\t\t\t\t\t<div class=\"elementor-container elementor-column-gap-default\">\n\t\t\t\t<div class=\"elementor-row\">\n\t\t\t\t<div class=\"elementor-element elementor-element-cffffc7 elementor-column elementor-col-100 elementor-top-column\" data-id=\"cffffc7\" data-element_type=\"column\">\n\t\t\t<div class=\"elementor-column-wrap  elementor-element-populated\">\n\t\t\t\t\t<div class=\"elementor-widget-wrap\">\n\t\t\t\t<div class=\"elementor-element elementor-element-ce8dc55 elementor-widget elementor-widget-image\" data-id=\"ce8dc55\" data-element_type=\"widget\" data-widget_type=\"image.default\">\n\t\t\t\t<div class=\"elementor-widget-container\">\n\t\t\t\t\t<div class=\"elementor-image\">\n\t\t\t\t\t\t\t\t\t\t<img width=\"379\" height=\"133\" src=\"https:\/\/event-skills.com\/wp-content\/uploads\/2020\/05\/images-5.jpg\" class=\"attachment-large size-large\" alt=\"\" loading=\"lazy\" srcset=\"https:\/\/event-skills.com\/wp-content\/uploads\/2020\/05\/images-5.jpg 379w, https:\/\/event-skills.com\/wp-content\/uploads\/2020\/05\/images-5-300x105.jpg 300w\" sizes=\"(max-width: 379px) 100vw, 379px\" \/>\t\t\t\t\t\t\t\t\t\t\t<\/div>\n\t\t\t\t<\/div>\n\t\t\t\t<\/div>\n\t\t\t\t<div class=\"elementor-element elementor-element-d188f1a elementor-widget elementor-widget-heading\" data-id=\"d188f1a\" data-element_type=\"widget\" data-widget_type=\"heading.default\">\n\t\t\t\t<div class=\"elementor-widget-container\">\n\t\t\t<h1 class=\"elementor-heading-title elementor-size-xl\">\u00c9v\u00e9nement Th\u00e9matique<\/h1>\t\t<\/div>\n\t\t\t\t<\/div>\n\t\t\t\t\t\t<\/div>\n\t\t\t<\/div>\n\t\t<\/div>\n\t\t\t\t\t\t<\/div>\n\t\t\t<\/div>\n\t\t<\/section>\n\t\t\t\t<section class=\"elementor-element elementor-element-9206371 elementor-section-boxed elementor-section-height-default elementor-section-height-default elementor-section elementor-top-section\" data-id=\"9206371\" data-element_type=\"section\">\n\t\t\t\t\t\t<div class=\"elementor-container elementor-column-gap-default\">\n\t\t\t\t<div class=\"elementor-row\">\n\t\t\t\t<div class=\"elementor-element elementor-element-b29a33e elementor-column elementor-col-100 elementor-top-column\" data-id=\"b29a33e\" data-element_type=\"column\">\n\t\t\t<div class=\"elementor-column-wrap  elementor-element-populated\">\n\t\t\t\t\t<div class=\"elementor-widget-wrap\">\n\t\t\t\t<div class=\"elementor-element elementor-element-75fceca elementor-widget elementor-widget-text-editor\" data-id=\"75fceca\" data-element_type=\"widget\" data-widget_type=\"text-editor.default\">\n\t\t\t\t<div class=\"elementor-widget-container\">\n\t\t\t\t\t<div class=\"elementor-text-editor elementor-clearfix\"><p>Vous souhaitez organiser un \u00e9v\u00e9nement touristique, pour votre conjoint, vos amis, vos familles\u00a0?<\/p><p>Vous voulez organiser un \u00e9v\u00e9nement inoubliable pour vos clients ou vos collaborateurs\u00a0?<\/p><p>Vous avez quelques id\u00e9es et exigences, et vous \u00eates lass\u00e9s que l\u2019on vous propose toujours les m\u00eames projets\u00a0?<\/p><p>Vous souhaitez surprendre, \u00e9tonner, voir les yeux de vos convives briller, d\u00e9couvrir, laissez \u00ab\u00a0b\u00e9a\u00a0\u00bb vos invit\u00e9s ou la personne \u00e0 qui est destin\u00e9 l\u2019\u00e9v\u00e9nement, ou tout simplement VOUS\u00a0!&#8230;<\/p><p>Vous \u00eates \u00e0 la recherche d\u2019\u00e9v\u00e9nements toujours plus originaux\u00a0?<\/p><p>Vous avez une contrainte d\u2019un fil conducteur, d\u2019un th\u00e8me\u00a0?<\/p><p>Et si vous commenciez par vous laisser surprendre\u00a0!&#8230;<\/p><p>Nous sommes plusieurs passionn\u00e9s du partage et de la recherche des meilleurs projets th\u00e9matiques \u00e0 votre service et \u00e0 l\u2019\u00e9coute de vos r\u00eaves et envies !<\/p><p>Et si l\u2019on dessinait votre tableau id\u00e9al en utilisant vos couleurs pr\u00e9f\u00e9r\u00e9es\u00a0!<\/p><p>\u00a0<\/p><p>Nous r\u00e9aliserons votre projet, en suivant votre budget, vos id\u00e9es, en France ou \u00e0 l\u2019\u00e9tranger.<\/p><p>Surprenez vos collaborateurs, vos clients, vos proches\u00a0!<\/p><\/div>\n\t\t\t\t<\/div>\n\t\t\t\t<\/div>\n\t\t\t\t\t\t<\/div>\n\t\t\t<\/div>\n\t\t<\/div>\n\t\t\t\t\t\t<\/div>\n\t\t\t<\/div>\n\t\t<\/section>\n\t\t\t\t<section class=\"elementor-element elementor-element-e2b9744 elementor-section-boxed elementor-section-height-default elementor-section-height-default elementor-section elementor-top-section\" data-id=\"e2b9744\" data-element_type=\"section\">\n\t\t\t\t\t\t<div class=\"elementor-container elementor-column-gap-default\">\n\t\t\t\t<div class=\"elementor-row\">\n\t\t\t\t<div class=\"elementor-element elementor-element-47c8d3a elementor-column elementor-col-100 elementor-top-column\" data-id=\"47c8d3a\" data-element_type=\"column\">\n\t\t\t<div class=\"elementor-column-wrap  elementor-element-populated\">\n\t\t\t\t\t<div class=\"elementor-widget-wrap\">\n\t\t\t\t<div class=\"elementor-element elementor-element-bfafce9 elementor-widget elementor-widget-heading\" data-id=\"bfafce9\" data-element_type=\"widget\" data-widget_type=\"heading.default\">\n\t\t\t\t<div class=\"elementor-widget-container\">\n\t\t\t<h2 class=\"elementor-heading-title elementor-size-large\">Plusieurs id\u00e9es peuvent vous permettre d\u2019identifier le \u00abrendu\u00bb de votre tableau&nbsp;<\/h2>\t\t<\/div>\n\t\t\t\t<\/div>\n\t\t\t\t<div class=\"elementor-element elementor-element-70bcf7a elementor-position-left elementor-vertical-align-middle elementor-widget elementor-widget-image-box\" data-id=\"70bcf7a\" data-element_type=\"widget\" data-widget_type=\"image-box.default\">\n\t\t\t\t<div class=\"elementor-widget-container\">\n\t\t\t<div class=\"elementor-image-box-wrapper\"><figure class=\"elementor-image-box-img\"><img width=\"297\" height=\"170\" src=\"https:\/\/event-skills.com\/wp-content\/uploads\/2020\/05\/t\u00e9l\u00e9chargement-8.jpg\" class=\"attachment-full size-full\" alt=\"\" loading=\"lazy\" \/><\/figure><div class=\"elementor-image-box-content\"><p class=\"elementor-image-box-description\">Gastronomie, \u00e0 la d\u00e9couverte des sp\u00e9cialit\u00e9s et de leur histoire<\/p><\/div><\/div>\t\t<\/div>\n\t\t\t\t<\/div>\n\t\t\t\t<div class=\"elementor-element elementor-element-1482484 elementor-position-left elementor-vertical-align-middle elementor-widget elementor-widget-image-box\" data-id=\"1482484\" data-element_type=\"widget\" data-widget_type=\"image-box.default\">\n\t\t\t\t<div class=\"elementor-widget-container\">\n\t\t\t<div class=\"elementor-image-box-wrapper\"><figure class=\"elementor-image-box-img\"><img width=\"271\" height=\"186\" src=\"https:\/\/event-skills.com\/wp-content\/uploads\/2020\/05\/t\u00e9l\u00e9chargement-9.jpg\" class=\"attachment-full size-full\" alt=\"\" loading=\"lazy\" \/><\/figure><div class=\"elementor-image-box-content\"><p class=\"elementor-image-box-description\">*Tours sportifs\n\n*Haut en montagne\n\n*Les couleurs et reliefs<\/p><\/div><\/div>\t\t<\/div>\n\t\t\t\t<\/div>\n\t\t\t\t<div class=\"elementor-element elementor-element-d0c2f14 elementor-position-left elementor-vertical-align-middle elementor-widget elementor-widget-image-box\" data-id=\"d0c2f14\" data-element_type=\"widget\" data-widget_type=\"image-box.default\">\n\t\t\t\t<div class=\"elementor-widget-container\">\n\t\t\t<div class=\"elementor-image-box-wrapper\"><figure class=\"elementor-image-box-img\"><img width=\"300\" height=\"168\" src=\"https:\/\/event-skills.com\/wp-content\/uploads\/2020\/05\/t\u00e9l\u00e9chargement-10.jpg\" class=\"attachment-full size-full\" alt=\"\" loading=\"lazy\" \/><\/figure><div class=\"elementor-image-box-content\"><p class=\"elementor-image-box-description\">*Rallyes auto\n\n*Road tour historique\n\n*En for\u00eat\n\n*Sable et mer\n\n*Auto tour culturel\u00a0\n\n*Tout en Amour<\/p><\/div><\/div>\t\t<\/div>\n\t\t\t\t<\/div>\n\t\t\t\t<div class=\"elementor-element elementor-element-7bac49b elementor-position-left elementor-vertical-align-middle elementor-widget elementor-widget-image-box\" data-id=\"7bac49b\" data-element_type=\"widget\" data-widget_type=\"image-box.default\">\n\t\t\t\t<div class=\"elementor-widget-container\">\n\t\t\t<div class=\"elementor-image-box-wrapper\"><figure class=\"elementor-image-box-img\"><img width=\"225\" height=\"225\" src=\"https:\/\/event-skills.com\/wp-content\/uploads\/2020\/05\/images-14.jpg\" class=\"attachment-full size-full\" alt=\"\" loading=\"lazy\" srcset=\"https:\/\/event-skills.com\/wp-content\/uploads\/2020\/05\/images-14.jpg 225w, https:\/\/event-skills.com\/wp-content\/uploads\/2020\/05\/images-14-150x150.jpg 150w\" sizes=\"(max-width: 225px) 100vw, 225px\" \/><\/figure><div class=\"elementor-image-box-content\"><p class=\"elementor-image-box-description\">*Tour de stars\n\n*A la rencontre des sportifs<\/p><\/div><\/div>\t\t<\/div>\n\t\t\t\t<\/div>\n\t\t\t\t<div class=\"elementor-element elementor-element-8f596e4 elementor-position-left elementor-vertical-align-middle elementor-widget elementor-widget-image-box\" data-id=\"8f596e4\" data-element_type=\"widget\" data-widget_type=\"image-box.default\">\n\t\t\t\t<div class=\"elementor-widget-container\">\n\t\t\t<div class=\"elementor-image-box-wrapper\"><figure class=\"elementor-image-box-img\"><img width=\"318\" height=\"159\" src=\"https:\/\/event-skills.com\/wp-content\/uploads\/2020\/05\/t\u00e9l\u00e9chargement-12.jpg\" class=\"attachment-full size-full\" alt=\"\" loading=\"lazy\" srcset=\"https:\/\/event-skills.com\/wp-content\/uploads\/2020\/05\/t\u00e9l\u00e9chargement-12.jpg 318w, https:\/\/event-skills.com\/wp-content\/uploads\/2020\/05\/t\u00e9l\u00e9chargement-12-300x150.jpg 300w\" sizes=\"(max-width: 318px) 100vw, 318px\" \/><\/figure><div class=\"elementor-image-box-content\"><p class=\"elementor-image-box-description\">*Gyro tour\n\n*Dancing mobile\n\n*Parc \u00e0 th\u00e8mes\n\n*Nuits insolites<\/p><\/div><\/div>\t\t<\/div>\n\t\t\t\t<\/div>\n\t\t\t\t\t\t<\/div>\n\t\t\t<\/div>\n\t\t<\/div>\n\t\t\t\t\t\t<\/div>\n\t\t\t<\/div>\n\t\t<\/section>\n\t\t\t\t\t\t<\/div>\n\t\t\t<\/div>\n\t\t<\/div>\n\t\t","protected":false},"excerpt":{"rendered":"<p>\u00c9v\u00e9nement Th\u00e9matique Vous souhaitez organiser un \u00e9v\u00e9nement touristique, pour votre conjoint, vos amis, vos familles\u00a0? Vous voulez organiser un \u00e9v\u00e9nement inoubliable pour vos clients ou vos collaborateurs\u00a0? Vous avez quelques id\u00e9es et exigences, et vous \u00eates lass\u00e9s que l\u2019on vous propose toujours les m\u00eames projets\u00a0? Vous souhaitez surprendre, \u00e9tonner, voir les yeux de vos convives [&hellip;]<\/p>\n","protected":false},"author":10,"featured_media":0,"parent":0,"menu_order":0,"comment_status":"closed","ping_status":"closed","template":"","meta":[],"_links":{"self":[{"href":"https:\/\/event-skills.com\/index.php?rest_route=\/wp\/v2\/pages\/262"}],"collection":[{"href":"https:\/\/event-skills.com\/index.php?rest_route=\/wp\/v2\/pages"}],"about":[{"href":"https:\/\/event-skills.com\/index.php?rest_route=\/wp\/v2\/types\/page"}],"author":[{"embeddable":true,"href":"https:\/\/event-skills.com\/index.php?rest_route=\/wp\/v2\/users\/10"}],"replies":[{"embeddable":true,"href":"https:\/\/event-skills.com\/index.php?rest_route=%2Fwp%2Fv2%2Fcomments&post=262"}],"version-history":[{"count":6,"href":"https:\/\/event-skills.com\/index.php?rest_route=\/wp\/v2\/pages\/262\/revisions"}],"predecessor-version":[{"id":368,"href":"https:\/\/event-skills.com\/index.php?rest_route=\/wp\/v2\/pages\/262\/revisions\/368"}],"wp:attachment":[{"href":"https:\/\/event-skills.com\/index.php?rest_route=%2Fwp%2Fv2%2Fmedia&parent=262"}],"curies":[{"name":"wp","href":"https:\/\/api.w.org\/{rel}","templated":true}]}}