{"id":261,"date":"2020-05-20T15:50:08","date_gmt":"2020-05-20T13:50:08","guid":{"rendered":"http:\/\/event-skills.com\/?page_id=261"},"modified":"2020-05-27T14:55:48","modified_gmt":"2020-05-27T12:55:48","slug":"entreprise","status":"publish","type":"page","link":"https:\/\/event-skills.com\/?page_id=261","title":{"rendered":"Entreprise"},"content":{"rendered":"\t\t<div data-elementor-type=\"wp-page\" data-elementor-id=\"261\" class=\"elementor elementor-261\" data-elementor-settings=\"[]\">\n\t\t\t<div class=\"elementor-inner\">\n\t\t\t\t<div class=\"elementor-section-wrap\">\n\t\t\t\t\t\t\t<section class=\"elementor-element elementor-element-f6d343a elementor-section-boxed elementor-section-height-default elementor-section-height-default elementor-section elementor-top-section\" data-id=\"f6d343a\" data-element_type=\"section\">\n\t\t\t\t\t\t<div class=\"elementor-container elementor-column-gap-default\">\n\t\t\t\t<div class=\"elementor-row\">\n\t\t\t\t<div class=\"elementor-element elementor-element-2af9072 elementor-column elementor-col-50 elementor-top-column\" data-id=\"2af9072\" data-element_type=\"column\">\n\t\t\t<div class=\"elementor-column-wrap  elementor-element-populated\">\n\t\t\t\t\t<div class=\"elementor-widget-wrap\">\n\t\t\t\t<div class=\"elementor-element elementor-element-5764678 elementor-widget elementor-widget-image\" data-id=\"5764678\" data-element_type=\"widget\" data-widget_type=\"image.default\">\n\t\t\t\t<div class=\"elementor-widget-container\">\n\t\t\t\t\t<div class=\"elementor-image\">\n\t\t\t\t\t\t\t\t\t\t<img width=\"386\" height=\"130\" src=\"https:\/\/event-skills.com\/wp-content\/uploads\/2020\/05\/images-9.jpg\" class=\"attachment-large size-large\" alt=\"\" loading=\"lazy\" srcset=\"https:\/\/event-skills.com\/wp-content\/uploads\/2020\/05\/images-9.jpg 386w, https:\/\/event-skills.com\/wp-content\/uploads\/2020\/05\/images-9-300x101.jpg 300w\" sizes=\"(max-width: 386px) 100vw, 386px\" \/>\t\t\t\t\t\t\t\t\t\t\t<\/div>\n\t\t\t\t<\/div>\n\t\t\t\t<\/div>\n\t\t\t\t\t\t<\/div>\n\t\t\t<\/div>\n\t\t<\/div>\n\t\t\t\t<div class=\"elementor-element elementor-element-63e77f7 elementor-column elementor-col-50 elementor-top-column\" data-id=\"63e77f7\" data-element_type=\"column\">\n\t\t\t<div class=\"elementor-column-wrap  elementor-element-populated\">\n\t\t\t\t\t<div class=\"elementor-widget-wrap\">\n\t\t\t\t<div class=\"elementor-element elementor-element-8f8eb65 elementor-widget elementor-widget-image\" data-id=\"8f8eb65\" data-element_type=\"widget\" data-widget_type=\"image.default\">\n\t\t\t\t<div class=\"elementor-widget-container\">\n\t\t\t\t\t<div class=\"elementor-image\">\n\t\t\t\t\t\t\t\t\t\t<img width=\"356\" height=\"141\" src=\"https:\/\/event-skills.com\/wp-content\/uploads\/2020\/05\/images-4.jpg\" class=\"attachment-large size-large\" alt=\"\" loading=\"lazy\" srcset=\"https:\/\/event-skills.com\/wp-content\/uploads\/2020\/05\/images-4.jpg 356w, https:\/\/event-skills.com\/wp-content\/uploads\/2020\/05\/images-4-300x119.jpg 300w\" sizes=\"(max-width: 356px) 100vw, 356px\" \/>\t\t\t\t\t\t\t\t\t\t\t<\/div>\n\t\t\t\t<\/div>\n\t\t\t\t<\/div>\n\t\t\t\t\t\t<\/div>\n\t\t\t<\/div>\n\t\t<\/div>\n\t\t\t\t\t\t<\/div>\n\t\t\t<\/div>\n\t\t<\/section>\n\t\t\t\t<section class=\"elementor-element elementor-element-7d8f887 elementor-section-boxed elementor-section-height-default elementor-section-height-default elementor-section elementor-top-section\" data-id=\"7d8f887\" data-element_type=\"section\">\n\t\t\t\t\t\t<div class=\"elementor-container elementor-column-gap-default\">\n\t\t\t\t<div class=\"elementor-row\">\n\t\t\t\t<div class=\"elementor-element elementor-element-c391d56 elementor-column elementor-col-100 elementor-top-column\" data-id=\"c391d56\" data-element_type=\"column\">\n\t\t\t<div class=\"elementor-column-wrap  elementor-element-populated\">\n\t\t\t\t\t<div class=\"elementor-widget-wrap\">\n\t\t\t\t<div class=\"elementor-element elementor-element-b8dcd20 elementor-widget elementor-widget-heading\" data-id=\"b8dcd20\" data-element_type=\"widget\" data-widget_type=\"heading.default\">\n\t\t\t\t<div class=\"elementor-widget-container\">\n\t\t\t<h1 class=\"elementor-heading-title elementor-size-xl\">\u00c9v\u00e9nement d'Entreprise<\/h1>\t\t<\/div>\n\t\t\t\t<\/div>\n\t\t\t\t<div class=\"elementor-element elementor-element-0a4540e elementor-widget elementor-widget-text-editor\" data-id=\"0a4540e\" data-element_type=\"widget\" data-widget_type=\"text-editor.default\">\n\t\t\t\t<div class=\"elementor-widget-container\">\n\t\t\t\t\t<div class=\"elementor-text-editor elementor-clearfix\"><p>Nous accompagnons les soci\u00e9t\u00e9s dans leur dynamique de d\u00e9veloppement. Que le but soit commercial, de fid\u00e9lisation ou d\u2019augmentation de parts de march\u00e9, notre \u00e9quipe de consultants animateurs vous accompagne dans votre projet.<\/p><p>Vous souhaitez am\u00e9liorer l\u2019image de votre entreprise aupr\u00e8s de votre client\u00e8le, nos consultants marketing communication sauront accompagner votre strat\u00e9gie de s\u00e9duction et vous accompagnera vers l\u2019\u00e9volution positive de votre marque.<\/p><p>D\u00e9velopper les comp\u00e9tences, f\u00e9liciter vos collaborateurs ou encore am\u00e9liorer la coh\u00e9sion au sein d\u2019un service, d\u2019une r\u00e9gion, d\u2019une soci\u00e9t\u00e9 ou filiale, accompagner vos \u00e9quipe vers de nouvelles d\u00e9couvertes, notre ma\u00eetrise du challenge est au service de votre soci\u00e9t\u00e9.<\/p><p>\u00a0<\/p><\/div>\n\t\t\t\t<\/div>\n\t\t\t\t<\/div>\n\t\t\t\t\t\t<\/div>\n\t\t\t<\/div>\n\t\t<\/div>\n\t\t\t\t\t\t<\/div>\n\t\t\t<\/div>\n\t\t<\/section>\n\t\t\t\t<section class=\"elementor-element elementor-element-1369c0e elementor-section-boxed elementor-section-height-default elementor-section-height-default elementor-section elementor-top-section\" data-id=\"1369c0e\" data-element_type=\"section\">\n\t\t\t\t\t\t<div class=\"elementor-container elementor-column-gap-default\">\n\t\t\t\t<div class=\"elementor-row\">\n\t\t\t\t<div class=\"elementor-element elementor-element-32e32a0 elementor-column elementor-col-100 elementor-top-column\" data-id=\"32e32a0\" data-element_type=\"column\">\n\t\t\t<div class=\"elementor-column-wrap  elementor-element-populated\">\n\t\t\t\t\t<div class=\"elementor-widget-wrap\">\n\t\t\t\t<div class=\"elementor-element elementor-element-423bd52 elementor-widget elementor-widget-heading\" data-id=\"423bd52\" data-element_type=\"widget\" data-widget_type=\"heading.default\">\n\t\t\t\t<div class=\"elementor-widget-container\">\n\t\t\t<h2 class=\"elementor-heading-title elementor-size-large\">Plusieurs \u00e9v\u00e9nements peuvent vous permettre d\u2019atteindre vos objectifs&nbsp;<\/h2>\t\t<\/div>\n\t\t\t\t<\/div>\n\t\t\t\t<div class=\"elementor-element elementor-element-acc042b elementor-position-left elementor-vertical-align-middle elementor-widget elementor-widget-image-box\" data-id=\"acc042b\" data-element_type=\"widget\" data-widget_type=\"image-box.default\">\n\t\t\t\t<div class=\"elementor-widget-container\">\n\t\t\t<div class=\"elementor-image-box-wrapper\"><figure class=\"elementor-image-box-img\"><img width=\"246\" height=\"205\" src=\"https:\/\/event-skills.com\/wp-content\/uploads\/2020\/05\/t\u00e9l\u00e9chargement-7.jpg\" class=\"attachment-full size-full\" alt=\"\" loading=\"lazy\" \/><\/figure><div class=\"elementor-image-box-content\"><p class=\"elementor-image-box-description\">*Formations commerciales dynamiques et participatives\n\n*Accompagnements terrain\n\n*Jeux de sc\u00e8ne avec des acteurs professionnels<\/p><\/div><\/div>\t\t<\/div>\n\t\t\t\t<\/div>\n\t\t\t\t<div class=\"elementor-element elementor-element-e7e84da elementor-position-left elementor-vertical-align-middle elementor-widget elementor-widget-image-box\" data-id=\"e7e84da\" data-element_type=\"widget\" data-widget_type=\"image-box.default\">\n\t\t\t\t<div class=\"elementor-widget-container\">\n\t\t\t<div class=\"elementor-image-box-wrapper\"><figure class=\"elementor-image-box-img\"><img width=\"296\" height=\"170\" src=\"https:\/\/event-skills.com\/wp-content\/uploads\/2020\/05\/images-10.jpg\" class=\"attachment-full size-full\" alt=\"\" loading=\"lazy\" \/><\/figure><div class=\"elementor-image-box-content\"><p class=\"elementor-image-box-description\">*Marketing strat\u00e9gique et digital\n\n*Street marketing et op\u00e9rationnel\n\n*Lancement de produit\n\n*Op\u00e9rations terrain\n\n*Animations micro\n\n*Animations commerciales \u00ab tasting \u00bb<\/p><\/div><\/div>\t\t<\/div>\n\t\t\t\t<\/div>\n\t\t\t\t<div class=\"elementor-element elementor-element-172728c elementor-position-left elementor-vertical-align-middle elementor-widget elementor-widget-image-box\" data-id=\"172728c\" data-element_type=\"widget\" data-widget_type=\"image-box.default\">\n\t\t\t\t<div class=\"elementor-widget-container\">\n\t\t\t<div class=\"elementor-image-box-wrapper\"><figure class=\"elementor-image-box-img\"><img width=\"275\" height=\"183\" src=\"https:\/\/event-skills.com\/wp-content\/uploads\/2020\/05\/images-11.jpg\" class=\"attachment-full size-full\" alt=\"\" loading=\"lazy\" \/><\/figure><div class=\"elementor-image-box-content\"><p class=\"elementor-image-box-description\">*Show mode\n\n*Shows de pr\u00e9sentations produits\n\n*D\u00e9fil\u00e9s de mode\n\n*avant-premi\u00e8re<\/p><\/div><\/div>\t\t<\/div>\n\t\t\t\t<\/div>\n\t\t\t\t<div class=\"elementor-element elementor-element-c3becd7 elementor-position-left elementor-vertical-align-middle elementor-widget elementor-widget-image-box\" data-id=\"c3becd7\" data-element_type=\"widget\" data-widget_type=\"image-box.default\">\n\t\t\t\t<div class=\"elementor-widget-container\">\n\t\t\t<div class=\"elementor-image-box-wrapper\"><figure class=\"elementor-image-box-img\"><img width=\"276\" height=\"182\" src=\"https:\/\/event-skills.com\/wp-content\/uploads\/2020\/05\/images-12.jpg\" class=\"attachment-full size-full\" alt=\"\" loading=\"lazy\" \/><\/figure><div class=\"elementor-image-box-content\"><p class=\"elementor-image-box-description\">*S\u00e9minaire\n\n*Team Building\n\n*Soir\u00e9es d\u2019entreprises\n\n*Cocktails \/ R\u00e9ceptions\n\n*Arbres de No\u00ebl\n\n*Vernissage<\/p><\/div><\/div>\t\t<\/div>\n\t\t\t\t<\/div>\n\t\t\t\t<div class=\"elementor-element elementor-element-ac92d87 elementor-position-left elementor-vertical-align-middle elementor-widget elementor-widget-image-box\" data-id=\"ac92d87\" data-element_type=\"widget\" data-widget_type=\"image-box.default\">\n\t\t\t\t<div class=\"elementor-widget-container\">\n\t\t\t<div class=\"elementor-image-box-wrapper\"><figure class=\"elementor-image-box-img\"><img width=\"276\" height=\"182\" src=\"https:\/\/event-skills.com\/wp-content\/uploads\/2020\/05\/t\u00e9l\u00e9chargement-1.jpg\" class=\"attachment-full size-full\" alt=\"\" loading=\"lazy\" \/><\/figure><div class=\"elementor-image-box-content\"><p class=\"elementor-image-box-description\">*Voyages sur-mesure\n\n*Tourisme th\u00e9matique en France et \u00e0 l\u2019\u00e9tranger<\/p><\/div><\/div>\t\t<\/div>\n\t\t\t\t<\/div>\n\t\t\t\t\t\t<\/div>\n\t\t\t<\/div>\n\t\t<\/div>\n\t\t\t\t\t\t<\/div>\n\t\t\t<\/div>\n\t\t<\/section>\n\t\t\t\t\t\t<\/div>\n\t\t\t<\/div>\n\t\t<\/div>\n\t\t","protected":false},"excerpt":{"rendered":"<p>\u00c9v\u00e9nement d&rsquo;Entreprise Nous accompagnons les soci\u00e9t\u00e9s dans leur dynamique de d\u00e9veloppement. Que le but soit commercial, de fid\u00e9lisation ou d\u2019augmentation de parts de march\u00e9, notre \u00e9quipe de consultants animateurs vous accompagne dans votre projet. Vous souhaitez am\u00e9liorer l\u2019image de votre entreprise aupr\u00e8s de votre client\u00e8le, nos consultants marketing communication sauront accompagner votre strat\u00e9gie de s\u00e9duction [&hellip;]<\/p>\n","protected":false},"author":10,"featured_media":0,"parent":0,"menu_order":0,"comment_status":"closed","ping_status":"closed","template":"","meta":[],"_links":{"self":[{"href":"https:\/\/event-skills.com\/index.php?rest_route=\/wp\/v2\/pages\/261"}],"collection":[{"href":"https:\/\/event-skills.com\/index.php?rest_route=\/wp\/v2\/pages"}],"about":[{"href":"https:\/\/event-skills.com\/index.php?rest_route=\/wp\/v2\/types\/page"}],"author":[{"embeddable":true,"href":"https:\/\/event-skills.com\/index.php?rest_route=\/wp\/v2\/users\/10"}],"replies":[{"embeddable":true,"href":"https:\/\/event-skills.com\/index.php?rest_route=%2Fwp%2Fv2%2Fcomments&post=261"}],"version-history":[{"count":5,"href":"https:\/\/event-skills.com\/index.php?rest_route=\/wp\/v2\/pages\/261\/revisions"}],"predecessor-version":[{"id":361,"href":"https:\/\/event-skills.com\/index.php?rest_route=\/wp\/v2\/pages\/261\/revisions\/361"}],"wp:attachment":[{"href":"https:\/\/event-skills.com\/index.php?rest_route=%2Fwp%2Fv2%2Fmedia&parent=261"}],"curies":[{"name":"wp","href":"https:\/\/api.w.org\/{rel}","templated":true}]}}