{"id":15,"date":"2020-05-17T20:05:44","date_gmt":"2020-05-17T18:05:44","guid":{"rendered":"http:\/\/eventsp.cluster024.hosting.ovh.net\/?page_id=15"},"modified":"2020-12-16T22:17:24","modified_gmt":"2020-12-16T21:17:24","slug":"accueil","status":"publish","type":"page","link":"https:\/\/event-skills.com\/","title":{"rendered":"Accueil"},"content":{"rendered":"\t\t<div data-elementor-type=\"wp-page\" data-elementor-id=\"15\" class=\"elementor elementor-15\" data-elementor-settings=\"[]\">\n\t\t\t<div class=\"elementor-inner\">\n\t\t\t\t<div class=\"elementor-section-wrap\">\n\t\t\t\t\t\t\t<section class=\"elementor-element elementor-element-04b6525 elementor-section-boxed elementor-section-height-default elementor-section-height-default elementor-section elementor-top-section\" data-id=\"04b6525\" data-element_type=\"section\">\n\t\t\t\t\t\t<div class=\"elementor-container elementor-column-gap-default\">\n\t\t\t\t<div class=\"elementor-row\">\n\t\t\t\t<div class=\"elementor-element elementor-element-b117420 elementor-column elementor-col-100 elementor-top-column\" data-id=\"b117420\" data-element_type=\"column\">\n\t\t\t<div class=\"elementor-column-wrap  elementor-element-populated\">\n\t\t\t\t\t<div class=\"elementor-widget-wrap\">\n\t\t\t\t<div class=\"elementor-element elementor-element-aad0563 elementor-widget elementor-widget-image\" data-id=\"aad0563\" data-element_type=\"widget\" data-widget_type=\"image.default\">\n\t\t\t\t<div class=\"elementor-widget-container\">\n\t\t\t\t\t<div class=\"elementor-image\">\n\t\t\t\t\t\t\t\t\t\t<img width=\"400\" height=\"120\" src=\"https:\/\/event-skills.com\/wp-content\/uploads\/2020\/05\/images.png\" class=\"attachment-large size-large\" alt=\"\" loading=\"lazy\" srcset=\"https:\/\/event-skills.com\/wp-content\/uploads\/2020\/05\/images.png 400w, https:\/\/event-skills.com\/wp-content\/uploads\/2020\/05\/images-300x90.png 300w\" sizes=\"(max-width: 400px) 100vw, 400px\" \/>\t\t\t\t\t\t\t\t\t\t\t<\/div>\n\t\t\t\t<\/div>\n\t\t\t\t<\/div>\n\t\t\t\t<div class=\"elementor-element elementor-element-fbfa422 elementor-widget elementor-widget-text-editor\" data-id=\"fbfa422\" data-element_type=\"widget\" data-widget_type=\"text-editor.default\">\n\t\t\t\t<div class=\"elementor-widget-container\">\n\t\t\t\t\t<div class=\"elementor-text-editor elementor-clearfix\"><p>C&rsquo;est l&rsquo;histoire d&rsquo;un professionnelle de l&rsquo;\u00e9v\u00e9nement professionnelle et commerciales.<\/p><p>Thierry a plus de 20 ans d&rsquo;exp\u00e9riences en organisation et r\u00e9alisation d&rsquo;\u00e9v\u00e9nement sur mesure.<\/p><p>Avec toutes ces ann\u00e9es d&rsquo;exp\u00e9rience, on peut parler de Comp\u00e9tences d\u2019\u00c9v\u00e9nements d&rsquo;o\u00f9 la cr\u00e9ation <strong>EVENTSKILLS<\/strong><\/p><\/div>\n\t\t\t\t<\/div>\n\t\t\t\t<\/div>\n\t\t\t\t<div class=\"elementor-element elementor-element-41f9388 elementor-widget elementor-widget-image\" data-id=\"41f9388\" data-element_type=\"widget\" data-widget_type=\"image.default\">\n\t\t\t\t<div class=\"elementor-widget-container\">\n\t\t\t\t\t<div class=\"elementor-image\">\n\t\t\t\t\t\t\t\t\t\t<img width=\"290\" height=\"174\" src=\"https:\/\/event-skills.com\/wp-content\/uploads\/2020\/05\/images-1.png\" class=\"attachment-large size-large\" alt=\"\" loading=\"lazy\" \/>\t\t\t\t\t\t\t\t\t\t\t<\/div>\n\t\t\t\t<\/div>\n\t\t\t\t<\/div>\n\t\t\t\t\t\t<\/div>\n\t\t\t<\/div>\n\t\t<\/div>\n\t\t\t\t\t\t<\/div>\n\t\t\t<\/div>\n\t\t<\/section>\n\t\t\t\t\t\t<\/div>\n\t\t\t<\/div>\n\t\t<\/div>\n\t\t","protected":false},"excerpt":{"rendered":"<p>C&rsquo;est l&rsquo;histoire d&rsquo;un professionnelle de l&rsquo;\u00e9v\u00e9nement professionnelle et commerciales. Thierry a plus de 20 ans d&rsquo;exp\u00e9riences en organisation et r\u00e9alisation d&rsquo;\u00e9v\u00e9nement sur mesure. Avec toutes ces ann\u00e9es d&rsquo;exp\u00e9rience, on peut parler de Comp\u00e9tences d\u2019\u00c9v\u00e9nements d&rsquo;o\u00f9 la cr\u00e9ation EVENTSKILLS<\/p>\n","protected":false},"author":10,"featured_media":0,"parent":0,"menu_order":0,"comment_status":"closed","ping_status":"closed","template":"","meta":[],"_links":{"self":[{"href":"https:\/\/event-skills.com\/index.php?rest_route=\/wp\/v2\/pages\/15"}],"collection":[{"href":"https:\/\/event-skills.com\/index.php?rest_route=\/wp\/v2\/pages"}],"about":[{"href":"https:\/\/event-skills.com\/index.php?rest_route=\/wp\/v2\/types\/page"}],"author":[{"embeddable":true,"href":"https:\/\/event-skills.com\/index.php?rest_route=\/wp\/v2\/users\/10"}],"replies":[{"embeddable":true,"href":"https:\/\/event-skills.com\/index.php?rest_route=%2Fwp%2Fv2%2Fcomments&post=15"}],"version-history":[{"count":6,"href":"https:\/\/event-skills.com\/index.php?rest_route=\/wp\/v2\/pages\/15\/revisions"}],"predecessor-version":[{"id":378,"href":"https:\/\/event-skills.com\/index.php?rest_route=\/wp\/v2\/pages\/15\/revisions\/378"}],"wp:attachment":[{"href":"https:\/\/event-skills.com\/index.php?rest_route=%2Fwp%2Fv2%2Fmedia&parent=15"}],"curies":[{"name":"wp","href":"https:\/\/api.w.org\/{rel}","templated":true}]}}